{"id":843,"date":"2022-07-03T14:53:40","date_gmt":"2022-07-03T14:53:40","guid":{"rendered":"https:\/\/wineandartlodge.com\/?page_id=843"},"modified":"2022-07-07T17:04:19","modified_gmt":"2022-07-07T17:04:19","slug":"das-thal","status":"publish","type":"page","link":"https:\/\/wineandartlodge.com\/?page_id=843&lang=de","title":{"rendered":"Das Tal"},"content":{"rendered":"\t\t<div data-elementor-type=\"wp-page\" data-elementor-id=\"843\" class=\"elementor elementor-843\" data-elementor-settings=\"[]\">\n\t\t\t\t\t\t\t<div class=\"elementor-section-wrap\">\n\t\t\t\t\t\t\t<section class=\"elementor-section elementor-top-section elementor-element elementor-element-8075f9b elementor-section-full_width elementor-section-stretched elementor-section-height-default elementor-section-height-default\" data-id=\"8075f9b\" data-element_type=\"section\" data-settings=\"{&quot;stretch_section&quot;:&quot;section-stretched&quot;}\">\n\t\t\t\t\t\t<div class=\"elementor-container elementor-column-gap-wider\">\n\t\t\t\t\t<div class=\"elementor-column elementor-col-100 elementor-top-column elementor-element elementor-element-5854deb\" data-id=\"5854deb\" data-element_type=\"column\">\n\t\t\t<div class=\"elementor-widget-wrap elementor-element-populated\">\n\t\t\t\t\t\t\t\t<div class=\"elementor-element elementor-element-42b4c51 elementor-widget elementor-widget-heading\" data-id=\"42b4c51\" data-element_type=\"widget\" data-widget_type=\"heading.default\">\n\t\t\t\t<div class=\"elementor-widget-container\">\n\t\t\t<style>\/*! elementor - v3.5.3 - 28-12-2021 *\/\n.elementor-heading-title{padding:0;margin:0;line-height:1}.elementor-widget-heading .elementor-heading-title[class*=elementor-size-]>a{color:inherit;font-size:inherit;line-height:inherit}.elementor-widget-heading .elementor-heading-title.elementor-size-small{font-size:15px}.elementor-widget-heading .elementor-heading-title.elementor-size-medium{font-size:19px}.elementor-widget-heading .elementor-heading-title.elementor-size-large{font-size:29px}.elementor-widget-heading .elementor-heading-title.elementor-size-xl{font-size:39px}.elementor-widget-heading .elementor-heading-title.elementor-size-xxl{font-size:59px}<\/style><h2 class=\"elementor-heading-title elementor-size-default\">Das Tal<\/h2>\t\t<\/div>\n\t\t\t\t<\/div>\n\t\t\t\t<div class=\"elementor-element elementor-element-d6dc878 elementor-widget elementor-widget-text-editor\" data-id=\"d6dc878\" data-element_type=\"widget\" data-widget_type=\"text-editor.default\">\n\t\t\t\t<div class=\"elementor-widget-container\">\n\t\t\t<style>\/*! elementor - v3.5.3 - 28-12-2021 *\/\n.elementor-widget-text-editor.elementor-drop-cap-view-stacked .elementor-drop-cap{background-color:#818a91;color:#fff}.elementor-widget-text-editor.elementor-drop-cap-view-framed .elementor-drop-cap{color:#818a91;border:3px solid;background-color:transparent}.elementor-widget-text-editor:not(.elementor-drop-cap-view-default) .elementor-drop-cap{margin-top:8px}.elementor-widget-text-editor:not(.elementor-drop-cap-view-default) .elementor-drop-cap-letter{width:1em;height:1em}.elementor-widget-text-editor .elementor-drop-cap{float:left;text-align:center;line-height:1;font-size:50px}.elementor-widget-text-editor .elementor-drop-cap-letter{display:inline-block}<\/style>\t\t\t\t<p>Ein Ort der gro\u00dfen Vielfalt f\u00fcr unsere G\u00e4ste, f\u00fcr Menschen, die die Stille suchen, die Einfachheit schauen und Natur sp\u00fcren wollen. Allein oder mit den Freunden, mit der Familie. Zum Wandern oder mit dem Rad, f\u00fcr ein Schreib-Retreat oder ein Team-Workshop, f\u00fcr einen Aktiv-Urlaub oder zum Wein-Verkosten. Wir sind begeistert von den Vogelstimmen, die uns hier jeden Morgen wecken und manchmal in einen fr\u00fchen Schlaf singen. Sogar Pirole und Nachtigallen wohnen hier \u2013 ein Paradies der seltenen Vogelarten f\u00fcr Bird-Watchers. Kein Wunder, es gibt nur unsere drei H\u00e4user im ganzen Tal und die Bienenst\u00f6cke! Die Weinst\u00f6cke passen gut in diese Gegend. Und Kunst aus altem Holz passt gut dazu, finden wir. Land-Art entsteht, auch kreative G\u00e4ste sind dazu eingeladen. Das alte Winzerh\u00e4uschen im Talschluss wurde schon vor 12 Jahren renoviert. Antikes von Stefan\u00b4 s vielen Reisen und selbstgebauter Troubadour-Wein stehen in den Regalen. Erst 2020 \u2013 mitten in der seltsamen Zeit \u2013 haben wir die Idee von der Lodge bekommen und das zweite alte Weinbauern-Geh\u00f6ft renoviert. Es sollte viele pers\u00f6nliche Ideen verwirklichen, einzig sein in seiner Art, voll Zauber und Sch\u00f6nheit. Es erz\u00e4hlt alte Geschichten und hat Pl\u00e4tze f\u00fcr Ruhe und gute Gespr\u00e4che. Es wurde ein Ort der Gen\u00fcsse, des guten Schlafes und ein Tal der kleinen Entdeckungen auf jedem H\u00fcgel.<\/p><p>Wir glauben, es ist uns gelungen! Kommt und seht, horcht und kostet; ruht aus und feiert! Wandert und staunt!<\/p>\t\t\t\t\t\t<\/div>\n\t\t\t\t<\/div>\n\t\t\t\t\t<\/div>\n\t\t<\/div>\n\t\t\t\t\t\t\t<\/div>\n\t\t<\/section>\n\t\t\t\t<section class=\"elementor-section elementor-top-section elementor-element elementor-element-9c580c8 elementor-section-boxed elementor-section-height-default elementor-section-height-default\" data-id=\"9c580c8\" data-element_type=\"section\">\n\t\t\t\t\t\t<div class=\"elementor-container elementor-column-gap-default\">\n\t\t\t\t\t<div class=\"elementor-column elementor-col-100 elementor-top-column elementor-element elementor-element-40e7a8d\" data-id=\"40e7a8d\" data-element_type=\"column\">\n\t\t\t<div class=\"elementor-widget-wrap elementor-element-populated\">\n\t\t\t\t\t\t\t\t<div class=\"elementor-element elementor-element-a258973 elementor-widget elementor-widget-image\" data-id=\"a258973\" data-element_type=\"widget\" data-widget_type=\"image.default\">\n\t\t\t\t<div class=\"elementor-widget-container\">\n\t\t\t<style>\/*! elementor - v3.5.3 - 28-12-2021 *\/\n.elementor-widget-image{text-align:center}.elementor-widget-image a{display:inline-block}.elementor-widget-image a img[src$=\".svg\"]{width:48px}.elementor-widget-image img{vertical-align:middle;display:inline-block}<\/style>\t\t\t\t\t\t\t\t\t\t\t\t<img loading=\"lazy\" decoding=\"async\" width=\"2560\" height=\"1707\" src=\"https:\/\/wineandartlodge.com\/wp-content\/uploads\/2022\/06\/Gresovscak-5429-scaled.jpg\" class=\"attachment-full size-full\" alt=\"\" srcset=\"https:\/\/wineandartlodge.com\/wp-content\/uploads\/2022\/06\/Gresovscak-5429-scaled.jpg 2560w, https:\/\/wineandartlodge.com\/wp-content\/uploads\/2022\/06\/Gresovscak-5429-300x200.jpg 300w, https:\/\/wineandartlodge.com\/wp-content\/uploads\/2022\/06\/Gresovscak-5429-1024x683.jpg 1024w, https:\/\/wineandartlodge.com\/wp-content\/uploads\/2022\/06\/Gresovscak-5429-768x512.jpg 768w, https:\/\/wineandartlodge.com\/wp-content\/uploads\/2022\/06\/Gresovscak-5429-1536x1024.jpg 1536w, https:\/\/wineandartlodge.com\/wp-content\/uploads\/2022\/06\/Gresovscak-5429-2048x1365.jpg 2048w, https:\/\/wineandartlodge.com\/wp-content\/uploads\/2022\/06\/Gresovscak-5429-219x146.jpg 219w, https:\/\/wineandartlodge.com\/wp-content\/uploads\/2022\/06\/Gresovscak-5429-50x33.jpg 50w, https:\/\/wineandartlodge.com\/wp-content\/uploads\/2022\/06\/Gresovscak-5429-113x75.jpg 113w\" sizes=\"(max-width: 2560px) 100vw, 2560px\" \/>\t\t\t\t\t\t\t\t\t\t\t\t\t\t\t<\/div>\n\t\t\t\t<\/div>\n\t\t\t\t\t<\/div>\n\t\t<\/div>\n\t\t\t\t\t\t\t<\/div>\n\t\t<\/section>\n\t\t\t\t\t\t<\/div>\n\t\t\t\t\t<\/div>\n\t\t","protected":false},"excerpt":{"rendered":"<p>Das Tal Ein Ort der gro\u00dfen Vielfalt f\u00fcr unsere G\u00e4ste, f\u00fcr Menschen, die die Stille suchen, die Einfachheit schauen und Natur sp\u00fcren wollen. Allein oder mit<span class=\"excerpt-hellip\"> [\u2026]<\/span><\/p>\n","protected":false},"author":1,"featured_media":0,"parent":0,"menu_order":0,"comment_status":"closed","ping_status":"closed","template":"","meta":{"footnotes":""},"aioseo_notices":[],"_links":{"self":[{"href":"https:\/\/wineandartlodge.com\/index.php?rest_route=\/wp\/v2\/pages\/843"}],"collection":[{"href":"https:\/\/wineandartlodge.com\/index.php?rest_route=\/wp\/v2\/pages"}],"about":[{"href":"https:\/\/wineandartlodge.com\/index.php?rest_route=\/wp\/v2\/types\/page"}],"author":[{"embeddable":true,"href":"https:\/\/wineandartlodge.com\/index.php?rest_route=\/wp\/v2\/users\/1"}],"replies":[{"embeddable":true,"href":"https:\/\/wineandartlodge.com\/index.php?rest_route=%2Fwp%2Fv2%2Fcomments&post=843"}],"version-history":[{"count":0,"href":"https:\/\/wineandartlodge.com\/index.php?rest_route=\/wp\/v2\/pages\/843\/revisions"}],"wp:attachment":[{"href":"https:\/\/wineandartlodge.com\/index.php?rest_route=%2Fwp%2Fv2%2Fmedia&parent=843"}],"curies":[{"name":"wp","href":"https:\/\/api.w.org\/{rel}","templated":true}]}}