{"id":61,"date":"2021-05-12T07:20:42","date_gmt":"2021-05-12T07:20:42","guid":{"rendered":"https:\/\/themes.muffingroup.com\/be\/cottage3_el\/?page_id=61"},"modified":"2024-01-17T08:31:04","modified_gmt":"2024-01-17T08:31:04","slug":"contact","status":"publish","type":"page","link":"https:\/\/wineandartlodge.com\/?page_id=61&lang=de","title":{"rendered":"Kontakt und Reservieren"},"content":{"rendered":"\t\t<div data-elementor-type=\"wp-page\" data-elementor-id=\"61\" class=\"elementor elementor-61\" data-elementor-settings=\"[]\">\n\t\t\t\t\t\t\t<div class=\"elementor-section-wrap\">\n\t\t\t\t\t\t\t<section class=\"elementor-section elementor-top-section elementor-element elementor-element-88d8126 elementor-section-stretched elementor-section-boxed elementor-section-height-default elementor-section-height-default\" data-id=\"88d8126\" data-element_type=\"section\" data-settings=\"{&quot;stretch_section&quot;:&quot;section-stretched&quot;}\">\n\t\t\t\t\t\t<div class=\"elementor-container elementor-column-gap-wider\">\n\t\t\t\t\t<div class=\"elementor-column elementor-col-100 elementor-top-column elementor-element elementor-element-b7cce0a\" data-id=\"b7cce0a\" data-element_type=\"column\">\n\t\t\t<div class=\"elementor-widget-wrap elementor-element-populated\">\n\t\t\t\t\t\t\t\t<div class=\"elementor-element elementor-element-6c900d1 elementor-widget elementor-widget-text-editor\" data-id=\"6c900d1\" data-element_type=\"widget\" data-widget_type=\"text-editor.default\">\n\t\t\t\t<div class=\"elementor-widget-container\">\n\t\t\t<style>\/*! elementor - v3.5.3 - 28-12-2021 *\/\n.elementor-widget-text-editor.elementor-drop-cap-view-stacked .elementor-drop-cap{background-color:#818a91;color:#fff}.elementor-widget-text-editor.elementor-drop-cap-view-framed .elementor-drop-cap{color:#818a91;border:3px solid;background-color:transparent}.elementor-widget-text-editor:not(.elementor-drop-cap-view-default) .elementor-drop-cap{margin-top:8px}.elementor-widget-text-editor:not(.elementor-drop-cap-view-default) .elementor-drop-cap-letter{width:1em;height:1em}.elementor-widget-text-editor .elementor-drop-cap{float:left;text-align:center;line-height:1;font-size:50px}.elementor-widget-text-editor .elementor-drop-cap-letter{display:inline-block}<\/style>\t\t\t\t<h4>Wir freuen uns sehr, dass Sie sich f\u00fcr einen Urlaub bei Wine and Art Lodge interessieren und werden Ihre Anfrage umgehend beantworten. Bitte f\u00fcllen Sie das nachstehende Formular vollst\u00e4ndig aus oder kontaktieren Sie uns gerne telefonisch.<\/h4>\t\t\t\t\t\t<\/div>\n\t\t\t\t<\/div>\n\t\t\t\t\t<\/div>\n\t\t<\/div>\n\t\t\t\t\t\t\t<\/div>\n\t\t<\/section>\n\t\t\t\t<section class=\"elementor-section elementor-top-section elementor-element elementor-element-c9a5f2d elementor-section-stretched elementor-section-boxed elementor-section-height-default elementor-section-height-default\" data-id=\"c9a5f2d\" data-element_type=\"section\" data-settings=\"{&quot;stretch_section&quot;:&quot;section-stretched&quot;,&quot;background_background&quot;:&quot;classic&quot;}\">\n\t\t\t\t\t\t<div class=\"elementor-container elementor-column-gap-wider\">\n\t\t\t\t\t<div class=\"elementor-column elementor-col-100 elementor-top-column elementor-element elementor-element-39094e9\" data-id=\"39094e9\" data-element_type=\"column\">\n\t\t\t<div class=\"elementor-widget-wrap elementor-element-populated\">\n\t\t\t\t\t\t\t\t<section class=\"elementor-section elementor-inner-section elementor-element elementor-element-d56ab77 elementor-section-boxed elementor-section-height-default elementor-section-height-default\" data-id=\"d56ab77\" data-element_type=\"section\">\n\t\t\t\t\t\t<div class=\"elementor-container elementor-column-gap-default\">\n\t\t\t\t\t<div class=\"elementor-column elementor-col-100 elementor-inner-column elementor-element elementor-element-e7a73ae\" data-id=\"e7a73ae\" data-element_type=\"column\">\n\t\t\t<div class=\"elementor-widget-wrap elementor-element-populated\">\n\t\t\t\t\t\t\t\t<div class=\"elementor-element elementor-element-652cab2 elementor-widget elementor-widget-image\" data-id=\"652cab2\" data-element_type=\"widget\" data-widget_type=\"image.default\">\n\t\t\t\t<div class=\"elementor-widget-container\">\n\t\t\t<style>\/*! elementor - v3.5.3 - 28-12-2021 *\/\n.elementor-widget-image{text-align:center}.elementor-widget-image a{display:inline-block}.elementor-widget-image a img[src$=\".svg\"]{width:48px}.elementor-widget-image img{vertical-align:middle;display:inline-block}<\/style>\t\t\t\t\t\t\t\t\t\t\t\t<img loading=\"lazy\" decoding=\"async\" width=\"2560\" height=\"1707\" src=\"https:\/\/wineandartlodge.com\/wp-content\/uploads\/2022\/06\/Gresovscak-5429-scaled.jpg\" class=\"attachment-full size-full\" alt=\"\" srcset=\"https:\/\/wineandartlodge.com\/wp-content\/uploads\/2022\/06\/Gresovscak-5429-scaled.jpg 2560w, https:\/\/wineandartlodge.com\/wp-content\/uploads\/2022\/06\/Gresovscak-5429-300x200.jpg 300w, https:\/\/wineandartlodge.com\/wp-content\/uploads\/2022\/06\/Gresovscak-5429-1024x683.jpg 1024w, https:\/\/wineandartlodge.com\/wp-content\/uploads\/2022\/06\/Gresovscak-5429-768x512.jpg 768w, https:\/\/wineandartlodge.com\/wp-content\/uploads\/2022\/06\/Gresovscak-5429-1536x1024.jpg 1536w, https:\/\/wineandartlodge.com\/wp-content\/uploads\/2022\/06\/Gresovscak-5429-2048x1365.jpg 2048w, https:\/\/wineandartlodge.com\/wp-content\/uploads\/2022\/06\/Gresovscak-5429-219x146.jpg 219w, https:\/\/wineandartlodge.com\/wp-content\/uploads\/2022\/06\/Gresovscak-5429-50x33.jpg 50w, https:\/\/wineandartlodge.com\/wp-content\/uploads\/2022\/06\/Gresovscak-5429-113x75.jpg 113w\" sizes=\"(max-width: 2560px) 100vw, 2560px\" \/>\t\t\t\t\t\t\t\t\t\t\t\t\t\t\t<\/div>\n\t\t\t\t<\/div>\n\t\t\t\t\t<\/div>\n\t\t<\/div>\n\t\t\t\t\t\t\t<\/div>\n\t\t<\/section>\n\t\t\t\t<section class=\"elementor-section elementor-inner-section elementor-element elementor-element-30feea7 elementor-section-boxed elementor-section-height-default elementor-section-height-default\" data-id=\"30feea7\" data-element_type=\"section\">\n\t\t\t\t\t\t<div class=\"elementor-container elementor-column-gap-default\">\n\t\t\t\t\t<div class=\"elementor-column elementor-col-100 elementor-inner-column elementor-element elementor-element-7918470\" data-id=\"7918470\" data-element_type=\"column\">\n\t\t\t<div class=\"elementor-widget-wrap elementor-element-populated\">\n\t\t\t\t\t\t\t\t<div class=\"elementor-element elementor-element-01bacce elementor-widget elementor-widget-spacer\" data-id=\"01bacce\" data-element_type=\"widget\" data-widget_type=\"spacer.default\">\n\t\t\t\t<div class=\"elementor-widget-container\">\n\t\t\t<style>\/*! elementor - v3.17.0 - 08-11-2023 *\/\n.elementor-column .elementor-spacer-inner{height:var(--spacer-size)}.e-con{--container-widget-width:100%}.e-con-inner>.elementor-widget-spacer,.e-con>.elementor-widget-spacer{width:var(--container-widget-width,var(--spacer-size));--align-self:var(--container-widget-align-self,initial);--flex-shrink:0}.e-con-inner>.elementor-widget-spacer>.elementor-widget-container,.e-con>.elementor-widget-spacer>.elementor-widget-container{height:100%;width:100%}.e-con-inner>.elementor-widget-spacer>.elementor-widget-container>.elementor-spacer,.e-con>.elementor-widget-spacer>.elementor-widget-container>.elementor-spacer{height:100%}.e-con-inner>.elementor-widget-spacer>.elementor-widget-container>.elementor-spacer>.elementor-spacer-inner,.e-con>.elementor-widget-spacer>.elementor-widget-container>.elementor-spacer>.elementor-spacer-inner{height:var(--container-widget-height,var(--spacer-size))}.e-con-inner>.elementor-widget-spacer.elementor-widget-empty,.e-con>.elementor-widget-spacer.elementor-widget-empty{position:relative;min-height:22px;min-width:22px}.e-con-inner>.elementor-widget-spacer.elementor-widget-empty .elementor-widget-empty-icon,.e-con>.elementor-widget-spacer.elementor-widget-empty .elementor-widget-empty-icon{position:absolute;top:0;bottom:0;left:0;right:0;margin:auto;padding:0;width:22px;height:22px}<\/style>\t\t<div class=\"elementor-spacer\">\n\t\t\t<div class=\"elementor-spacer-inner\"><\/div>\n\t\t<\/div>\n\t\t\t\t<\/div>\n\t\t\t\t<\/div>\n\t\t\t\t\t<\/div>\n\t\t<\/div>\n\t\t\t\t\t\t\t<\/div>\n\t\t<\/section>\n\t\t\t\t<div class=\"elementor-element elementor-element-852a8bf elementor-widget elementor-widget-text-editor\" data-id=\"852a8bf\" data-element_type=\"widget\" data-widget_type=\"text-editor.default\">\n\t\t\t\t<div class=\"elementor-widget-container\">\n\t\t\t\t\t\t\t<p>\u00b7 Wir freuen uns \u00fcber alle G\u00e4ste, egal ob allein \u2013 oder zu zweit reisend, aber auch gr\u00f6\u00dfere (Seminar oder Familien)- Gruppen, die die Lodge und das Winzerh\u00e4uschen exklusiv mieten wollen \u2013 im Tal k\u00f6nnen bis zu 14 Personen komfortabel untergebracht werden!<\/p><p>\u00b7 Unsere generellen Saisonzeiten sind von 1. April bis 31. Oktober. Langzeitbuchungen \u00fcber den Winter sind aber auf Anfrage m\u00f6glich<\/p><p>\u00b7 Es steht eine voll eingerichtete K\u00fcche zur Verf\u00fcgung (2 K\u00fchlschr\u00e4nke, Nespresso und andere Kaffee-Maschinen, Backrohr, Mixer, usw). Perfekt f\u00fcr Ihr Selbstversorgerfr\u00fchst\u00fcck und gen\u00fcssliches Kochen!<\/p><p>\u00b7 Mindestaufenthalt sind 2 N\u00e4chte<\/p><p>\u00b7 Im Tal steht Ihnen eine Sauna zur Verf\u00fcgung, je nach Saison. Nach Voranmeldung k\u00f6nnen Sie dort 3 Stunden in Waldeseinsamkeit saunieren, f\u00fcr 49.- Euro. Eine Flasche Bio-Wein ist inklusive!<\/p><p>\u00b7 Weinproben und andere Aktivit\u00e4ten k\u00f6nnen individuell mit uns besprochen und organisiert werden<\/p><p>\u00b7 Freies Highspeed WLAN f\u00fcr alle G\u00e4ste inkludiert (Glasfaserkabel)<\/p>\t\t\t\t\t\t<\/div>\n\t\t\t\t<\/div>\n\t\t\t\t\t<\/div>\n\t\t<\/div>\n\t\t\t\t\t\t\t<\/div>\n\t\t<\/section>\n\t\t\t\t<section class=\"elementor-section elementor-top-section elementor-element elementor-element-2110d00 elementor-section-boxed elementor-section-height-default elementor-section-height-default\" data-id=\"2110d00\" data-element_type=\"section\">\n\t\t\t\t\t\t<div class=\"elementor-container elementor-column-gap-default\">\n\t\t\t\t\t<div class=\"elementor-column elementor-col-100 elementor-top-column elementor-element elementor-element-27e2d65\" data-id=\"27e2d65\" data-element_type=\"column\">\n\t\t\t<div class=\"elementor-widget-wrap\">\n\t\t\t\t\t\t\t\t\t<\/div>\n\t\t<\/div>\n\t\t\t\t\t\t\t<\/div>\n\t\t<\/section>\n\t\t\t\t<section class=\"elementor-section elementor-top-section elementor-element elementor-element-417ed014 elementor-section-content-middle elementor-section-boxed elementor-section-height-default elementor-section-height-default\" data-id=\"417ed014\" data-element_type=\"section\">\n\t\t\t\t\t\t<div class=\"elementor-container elementor-column-gap-no\">\n\t\t\t\t\t<div class=\"elementor-column elementor-col-100 elementor-top-column elementor-element elementor-element-34f51926\" data-id=\"34f51926\" data-element_type=\"column\">\n\t\t\t<div class=\"elementor-widget-wrap elementor-element-populated\">\n\t\t\t\t\t\t\t\t<div class=\"elementor-element elementor-element-3b50465a elementor-widget elementor-widget-heading\" data-id=\"3b50465a\" data-element_type=\"widget\" data-widget_type=\"heading.default\">\n\t\t\t\t<div class=\"elementor-widget-container\">\n\t\t\t<style>\/*! elementor - v3.5.3 - 28-12-2021 *\/\n.elementor-heading-title{padding:0;margin:0;line-height:1}.elementor-widget-heading .elementor-heading-title[class*=elementor-size-]>a{color:inherit;font-size:inherit;line-height:inherit}.elementor-widget-heading .elementor-heading-title.elementor-size-small{font-size:15px}.elementor-widget-heading .elementor-heading-title.elementor-size-medium{font-size:19px}.elementor-widget-heading .elementor-heading-title.elementor-size-large{font-size:29px}.elementor-widget-heading .elementor-heading-title.elementor-size-xl{font-size:39px}.elementor-widget-heading .elementor-heading-title.elementor-size-xxl{font-size:59px}<\/style><h4 class=\"elementor-heading-title elementor-size-default\">Kontakt<\/h4>\t\t<\/div>\n\t\t\t\t<\/div>\n\t\t\t\t<section class=\"elementor-section elementor-inner-section elementor-element elementor-element-6ce506b6 elementor-section-content-middle elementor-section-boxed elementor-section-height-default elementor-section-height-default\" data-id=\"6ce506b6\" data-element_type=\"section\">\n\t\t\t\t\t\t<div class=\"elementor-container elementor-column-gap-no\">\n\t\t\t\t\t<div class=\"elementor-column elementor-col-50 elementor-inner-column elementor-element elementor-element-6f7f321c\" data-id=\"6f7f321c\" data-element_type=\"column\">\n\t\t\t<div class=\"elementor-widget-wrap elementor-element-populated\">\n\t\t\t\t\t\t\t\t<div class=\"elementor-element elementor-element-656d6656 elementor-widget elementor-widget-heading\" data-id=\"656d6656\" data-element_type=\"widget\" data-widget_type=\"heading.default\">\n\t\t\t\t<div class=\"elementor-widget-container\">\n\t\t\t<h6 class=\"elementor-heading-title elementor-size-default\">Telefon: +43 664 3409017\n<\/h6>\t\t<\/div>\n\t\t\t\t<\/div>\n\t\t\t\t<div class=\"elementor-element elementor-element-5bf4498c elementor-widget elementor-widget-heading\" data-id=\"5bf4498c\" data-element_type=\"widget\" data-widget_type=\"heading.default\">\n\t\t\t\t<div class=\"elementor-widget-container\">\n\t\t\t<h6 class=\"elementor-heading-title elementor-size-default\">E-mail: info@wineandartlodge.com<\/h6>\t\t<\/div>\n\t\t\t\t<\/div>\n\t\t\t\t<div class=\"elementor-element elementor-element-4cb99ec9 elementor-widget elementor-widget-heading\" data-id=\"4cb99ec9\" data-element_type=\"widget\" data-widget_type=\"heading.default\">\n\t\t\t\t<div class=\"elementor-widget-container\">\n\t\t\t<h6 class=\"elementor-heading-title elementor-size-default\">Wine & Art Lodge\n<\/h6>\t\t<\/div>\n\t\t\t\t<\/div>\n\t\t\t\t<div class=\"elementor-element elementor-element-68ead5e9 elementor-widget elementor-widget-heading\" data-id=\"68ead5e9\" data-element_type=\"widget\" data-widget_type=\"heading.default\">\n\t\t\t\t<div class=\"elementor-widget-container\">\n\t\t\t<h6 class=\"elementor-heading-title elementor-size-default\">Gresov\u0161\u010dak 14,\n9240 Ljutomer,\nSlovenia<\/h6>\t\t<\/div>\n\t\t\t\t<\/div>\n\t\t\t\t\t<\/div>\n\t\t<\/div>\n\t\t\t\t<div class=\"elementor-column elementor-col-50 elementor-inner-column elementor-element elementor-element-805b432\" data-id=\"805b432\" data-element_type=\"column\">\n\t\t\t<div class=\"elementor-widget-wrap\">\n\t\t\t\t\t\t\t\t\t<\/div>\n\t\t<\/div>\n\t\t\t\t\t\t\t<\/div>\n\t\t<\/section>\n\t\t\t\t\t<\/div>\n\t\t<\/div>\n\t\t\t\t\t\t\t<\/div>\n\t\t<\/section>\n\t\t\t\t<section class=\"elementor-section elementor-top-section elementor-element elementor-element-a2754bd elementor-section-full_width elementor-section-stretched elementor-section-height-default elementor-section-height-default\" data-id=\"a2754bd\" data-element_type=\"section\" data-settings=\"{&quot;stretch_section&quot;:&quot;section-stretched&quot;}\">\n\t\t\t\t\t\t<div class=\"elementor-container elementor-column-gap-no\">\n\t\t\t\t\t<div class=\"elementor-column elementor-col-100 elementor-top-column elementor-element elementor-element-88b4ad9\" data-id=\"88b4ad9\" data-element_type=\"column\">\n\t\t\t<div class=\"elementor-widget-wrap elementor-element-populated\">\n\t\t\t\t\t\t\t\t<div class=\"elementor-element elementor-element-ef2c270 elementor-widget elementor-widget-text-editor\" data-id=\"ef2c270\" data-element_type=\"widget\" data-widget_type=\"text-editor.default\">\n\t\t\t\t<div class=\"elementor-widget-container\">\n\t\t\t\t\t\t\t<iframe src=\"https:\/\/www.google.com\/maps\/embed?pb=!1m18!1m12!1m3!1d2747.236775856527!2d16.192230900000002!3d46.4836238!2m3!1f0!2f0!3f0!3m2!1i1024!2i768!4f13.1!3m3!1m2!1s0x476f45712ed541a1%3A0x5ab13bee3b5a553c!2sGresov%C5%A1%C4%8Dak%2014%2C%209240%20Ljutomer!5e0!3m2!1ssl!2ssi!4v1656433429176!5m2!1ssl!2ssi\" width=\"900\" height=\"450\" style=\"border:0;\" allowfullscreen=\"\" loading=\"lazy\" referrerpolicy=\"no-referrer-when-downgrade\"><\/iframe>\t\t\t\t\t\t<\/div>\n\t\t\t\t<\/div>\n\t\t\t\t\t<\/div>\n\t\t<\/div>\n\t\t\t\t\t\t\t<\/div>\n\t\t<\/section>\n\t\t\t\t<section class=\"elementor-section elementor-top-section elementor-element elementor-element-b91999c elementor-hidden-desktop elementor-hidden-tablet elementor-hidden-mobile elementor-section-boxed elementor-section-height-default elementor-section-height-default\" data-id=\"b91999c\" data-element_type=\"section\">\n\t\t\t\t\t\t<div class=\"elementor-container elementor-column-gap-default\">\n\t\t\t\t\t<div class=\"elementor-column elementor-col-100 elementor-top-column elementor-element elementor-element-c6a43ab\" data-id=\"c6a43ab\" data-element_type=\"column\">\n\t\t\t<div class=\"elementor-widget-wrap elementor-element-populated\">\n\t\t\t\t\t\t\t\t<div class=\"elementor-element elementor-element-7a21f1f elementor-widget elementor-widget-image\" data-id=\"7a21f1f\" data-element_type=\"widget\" data-widget_type=\"image.default\">\n\t\t\t\t<div class=\"elementor-widget-container\">\n\t\t\t\t\t\t\t\t\t\t\t\t\t\t\t<img loading=\"lazy\" decoding=\"async\" width=\"1024\" height=\"577\" src=\"https:\/\/wineandartlodge.com\/wp-content\/uploads\/2022\/10\/3-1024x577.png\" class=\"attachment-large size-large\" alt=\"\" srcset=\"https:\/\/wineandartlodge.com\/wp-content\/uploads\/2022\/10\/3-1024x577.png 1024w, https:\/\/wineandartlodge.com\/wp-content\/uploads\/2022\/10\/3-300x169.png 300w, https:\/\/wineandartlodge.com\/wp-content\/uploads\/2022\/10\/3-768x433.png 768w, https:\/\/wineandartlodge.com\/wp-content\/uploads\/2022\/10\/3-1536x865.png 1536w, https:\/\/wineandartlodge.com\/wp-content\/uploads\/2022\/10\/3-260x146.png 260w, https:\/\/wineandartlodge.com\/wp-content\/uploads\/2022\/10\/3-50x28.png 50w, https:\/\/wineandartlodge.com\/wp-content\/uploads\/2022\/10\/3-133x75.png 133w, https:\/\/wineandartlodge.com\/wp-content\/uploads\/2022\/10\/3-1200x675.png 1200w, https:\/\/wineandartlodge.com\/wp-content\/uploads\/2022\/10\/3.png 1640w\" sizes=\"(max-width: 1024px) 100vw, 1024px\" \/>\t\t\t\t\t\t\t\t\t\t\t\t\t\t\t<\/div>\n\t\t\t\t<\/div>\n\t\t\t\t\t<\/div>\n\t\t<\/div>\n\t\t\t\t\t\t\t<\/div>\n\t\t<\/section>\n\t\t\t\t<section class=\"elementor-section elementor-top-section elementor-element elementor-element-0e857b5 elementor-hidden-desktop elementor-hidden-tablet elementor-hidden-mobile elementor-section-boxed elementor-section-height-default elementor-section-height-default\" data-id=\"0e857b5\" data-element_type=\"section\">\n\t\t\t\t\t\t<div class=\"elementor-container elementor-column-gap-default\">\n\t\t\t\t\t<div class=\"elementor-column elementor-col-100 elementor-top-column elementor-element elementor-element-7e8bb05\" data-id=\"7e8bb05\" data-element_type=\"column\">\n\t\t\t<div class=\"elementor-widget-wrap elementor-element-populated\">\n\t\t\t\t\t\t\t\t<div class=\"elementor-element elementor-element-3c8d52b elementor-widget elementor-widget-image\" data-id=\"3c8d52b\" data-element_type=\"widget\" data-widget_type=\"image.default\">\n\t\t\t\t<div class=\"elementor-widget-container\">\n\t\t\t\t\t\t\t\t\t\t\t\t\t\t\t<img loading=\"lazy\" decoding=\"async\" width=\"1024\" height=\"577\" src=\"https:\/\/wineandartlodge.com\/wp-content\/uploads\/2023\/02\/Perlen-Sloweniens-1-1024x577.png\" class=\"attachment-large size-large\" alt=\"\" srcset=\"https:\/\/wineandartlodge.com\/wp-content\/uploads\/2023\/02\/Perlen-Sloweniens-1-1024x577.png 1024w, https:\/\/wineandartlodge.com\/wp-content\/uploads\/2023\/02\/Perlen-Sloweniens-1-300x169.png 300w, https:\/\/wineandartlodge.com\/wp-content\/uploads\/2023\/02\/Perlen-Sloweniens-1-768x433.png 768w, https:\/\/wineandartlodge.com\/wp-content\/uploads\/2023\/02\/Perlen-Sloweniens-1-1536x865.png 1536w, https:\/\/wineandartlodge.com\/wp-content\/uploads\/2023\/02\/Perlen-Sloweniens-1-260x146.png 260w, https:\/\/wineandartlodge.com\/wp-content\/uploads\/2023\/02\/Perlen-Sloweniens-1-50x28.png 50w, https:\/\/wineandartlodge.com\/wp-content\/uploads\/2023\/02\/Perlen-Sloweniens-1-133x75.png 133w, https:\/\/wineandartlodge.com\/wp-content\/uploads\/2023\/02\/Perlen-Sloweniens-1-1200x675.png 1200w, https:\/\/wineandartlodge.com\/wp-content\/uploads\/2023\/02\/Perlen-Sloweniens-1.png 1640w\" sizes=\"(max-width: 1024px) 100vw, 1024px\" \/>\t\t\t\t\t\t\t\t\t\t\t\t\t\t\t<\/div>\n\t\t\t\t<\/div>\n\t\t\t\t\t<\/div>\n\t\t<\/div>\n\t\t\t\t\t\t\t<\/div>\n\t\t<\/section>\n\t\t\t\t\t\t<\/div>\n\t\t\t\t\t<\/div>\n\t\t","protected":false},"excerpt":{"rendered":"<p>Wir freuen uns sehr, dass Sie sich f\u00fcr einen Urlaub bei Wine and Art Lodge interessieren und werden Ihre Anfrage umgehend beantworten. Bitte f\u00fcllen Sie das<span class=\"excerpt-hellip\"> [\u2026]<\/span><\/p>\n","protected":false},"author":1,"featured_media":0,"parent":0,"menu_order":0,"comment_status":"closed","ping_status":"closed","template":"","meta":{"footnotes":""},"aioseo_notices":[],"_links":{"self":[{"href":"https:\/\/wineandartlodge.com\/index.php?rest_route=\/wp\/v2\/pages\/61"}],"collection":[{"href":"https:\/\/wineandartlodge.com\/index.php?rest_route=\/wp\/v2\/pages"}],"about":[{"href":"https:\/\/wineandartlodge.com\/index.php?rest_route=\/wp\/v2\/types\/page"}],"author":[{"embeddable":true,"href":"https:\/\/wineandartlodge.com\/index.php?rest_route=\/wp\/v2\/users\/1"}],"replies":[{"embeddable":true,"href":"https:\/\/wineandartlodge.com\/index.php?rest_route=%2Fwp%2Fv2%2Fcomments&post=61"}],"version-history":[{"count":3,"href":"https:\/\/wineandartlodge.com\/index.php?rest_route=\/wp\/v2\/pages\/61\/revisions"}],"predecessor-version":[{"id":2070,"href":"https:\/\/wineandartlodge.com\/index.php?rest_route=\/wp\/v2\/pages\/61\/revisions\/2070"}],"wp:attachment":[{"href":"https:\/\/wineandartlodge.com\/index.php?rest_route=%2Fwp%2Fv2%2Fmedia&parent=61"}],"curies":[{"name":"wp","href":"https:\/\/api.w.org\/{rel}","templated":true}]}}