{"id":1589,"date":"2022-09-25T11:19:12","date_gmt":"2022-09-25T11:19:12","guid":{"rendered":"https:\/\/wineandartlodge.com\/?page_id=1589"},"modified":"2022-10-10T10:25:37","modified_gmt":"2022-10-10T10:25:37","slug":"o-nas","status":"publish","type":"page","link":"https:\/\/wineandartlodge.com\/?page_id=1589","title":{"rendered":"O nas"},"content":{"rendered":"\t\t<div data-elementor-type=\"wp-page\" data-elementor-id=\"1589\" class=\"elementor elementor-1589\" data-elementor-settings=\"[]\">\n\t\t\t\t\t\t\t<div class=\"elementor-section-wrap\">\n\t\t\t\t\t\t\t<section class=\"elementor-section elementor-top-section elementor-element elementor-element-5b62434 elementor-section-stretched elementor-section-boxed elementor-section-height-default elementor-section-height-default\" data-id=\"5b62434\" data-element_type=\"section\" data-settings=\"{&quot;stretch_section&quot;:&quot;section-stretched&quot;}\">\n\t\t\t\t\t\t<div class=\"elementor-container elementor-column-gap-wider\">\n\t\t\t\t\t<div class=\"elementor-column elementor-col-100 elementor-top-column elementor-element elementor-element-80db73d\" data-id=\"80db73d\" data-element_type=\"column\">\n\t\t\t<div class=\"elementor-widget-wrap elementor-element-populated\">\n\t\t\t\t\t\t\t\t<section class=\"elementor-section elementor-inner-section elementor-element elementor-element-869504f elementor-section-boxed elementor-section-height-default elementor-section-height-default\" data-id=\"869504f\" data-element_type=\"section\">\n\t\t\t\t\t\t<div class=\"elementor-container elementor-column-gap-default\">\n\t\t\t\t\t<div class=\"elementor-column elementor-col-100 elementor-inner-column elementor-element elementor-element-2dc7b69\" data-id=\"2dc7b69\" data-element_type=\"column\">\n\t\t\t<div class=\"elementor-widget-wrap elementor-element-populated\">\n\t\t\t\t\t\t\t\t<div class=\"elementor-element elementor-element-9ae76da elementor-widget elementor-widget-text-editor\" data-id=\"9ae76da\" data-element_type=\"widget\" data-widget_type=\"text-editor.default\">\n\t\t\t\t<div class=\"elementor-widget-container\">\n\t\t\t<style>\/*! elementor - v3.5.3 - 28-12-2021 *\/\n.elementor-widget-text-editor.elementor-drop-cap-view-stacked .elementor-drop-cap{background-color:#818a91;color:#fff}.elementor-widget-text-editor.elementor-drop-cap-view-framed .elementor-drop-cap{color:#818a91;border:3px solid;background-color:transparent}.elementor-widget-text-editor:not(.elementor-drop-cap-view-default) .elementor-drop-cap{margin-top:8px}.elementor-widget-text-editor:not(.elementor-drop-cap-view-default) .elementor-drop-cap-letter{width:1em;height:1em}.elementor-widget-text-editor .elementor-drop-cap{float:left;text-align:center;line-height:1;font-size:50px}.elementor-widget-text-editor .elementor-drop-cap-letter{display:inline-block}<\/style>\t\t\t\t<h2>O nas<\/h2>\t\t\t\t\t\t<\/div>\n\t\t\t\t<\/div>\n\t\t\t\t<div class=\"elementor-element elementor-element-e0828f9 elementor-widget elementor-widget-text-editor\" data-id=\"e0828f9\" data-element_type=\"widget\" data-widget_type=\"text-editor.default\">\n\t\t\t\t<div class=\"elementor-widget-container\">\n\t\t\t\t\t\t\t<p><strong>Stefan<\/strong> je delal v \u0161tevilnih dr\u017eavah po svetu, ve\u010dinoma v razvojnih projektih. Tu v dolini je bil pionir, ko je obnovil dve stari vinogradni\u0161ki hi\u0161i, da bi se lahko umaknil v naravo.Uresni\u010dil je sanje iz otro\u0161tva &#8211; vino iz lastnega vinograda! Zna pripovedovati zanimive zgodbe o vinogradni\u0161tvu v teoriji in praksi. V\u010dasih \u0161e vedno pou\u010duje na razli\u010dnih univerzah, naslednjih nekaj let pa se bo bolj posve\u010dal osebni kontemplaciji.<\/p><p><strong>Elisa<\/strong> se je po\u010dasi, a zanesljivo navdu\u0161evala nad dolino. Po dveh poletjih, ko je med \u0161tudijem delala na gorski kmetiji , in po 12 letih \u017eivljenja na kmetiji v Innviertlu je zase \u017ee zdavnaj kon\u010dala s pode\u017eelskim \u017eivljenjem. \u017divela in delala je v razli\u010dnih kulturah kot psihologinja, trenerka in vodja ekipe, v\u010dasih ve\u010d, kot bi si \u017eelela. Tako se je tudi v njej prebudila \u017eelja po ti\u0161ini in preprostosti, zlasti veselje do ustvarjalnega pisanja.<\/p><p><strong>Dolina<\/strong> je najin skupni projekt. Ponosna sva na to, kar sva naredili s staro doma\u010dijo. Vedno znova sva navdu\u0161ena nad tem, da na svetu obstaja miren in varen prostor.<\/p>\t\t\t\t\t\t<\/div>\n\t\t\t\t<\/div>\n\t\t\t\t\t<\/div>\n\t\t<\/div>\n\t\t\t\t\t\t\t<\/div>\n\t\t<\/section>\n\t\t\t\t\t<\/div>\n\t\t<\/div>\n\t\t\t\t\t\t\t<\/div>\n\t\t<\/section>\n\t\t\t\t<section class=\"elementor-section elementor-top-section elementor-element elementor-element-16a2eb6 elementor-section-full_width elementor-section-stretched elementor-section-height-default elementor-section-height-default\" data-id=\"16a2eb6\" data-element_type=\"section\" data-settings=\"{&quot;stretch_section&quot;:&quot;section-stretched&quot;}\">\n\t\t\t\t\t\t<div class=\"elementor-container elementor-column-gap-wider\">\n\t\t\t\t\t<div class=\"elementor-column elementor-col-100 elementor-top-column elementor-element elementor-element-ec5962c\" data-id=\"ec5962c\" data-element_type=\"column\">\n\t\t\t<div class=\"elementor-widget-wrap elementor-element-populated\">\n\t\t\t\t\t\t\t\t<div class=\"elementor-element elementor-element-82f4151 elementor-widget elementor-widget-image\" data-id=\"82f4151\" data-element_type=\"widget\" data-widget_type=\"image.default\">\n\t\t\t\t<div class=\"elementor-widget-container\">\n\t\t\t<style>\/*! elementor - v3.5.3 - 28-12-2021 *\/\n.elementor-widget-image{text-align:center}.elementor-widget-image a{display:inline-block}.elementor-widget-image a img[src$=\".svg\"]{width:48px}.elementor-widget-image img{vertical-align:middle;display:inline-block}<\/style>\t\t\t\t\t\t\t\t\t\t\t\t<img loading=\"lazy\" decoding=\"async\" width=\"640\" height=\"480\" src=\"https:\/\/wineandartlodge.com\/wp-content\/uploads\/2022\/07\/WIR-mit-Hut-rotated.jpg\" class=\"attachment-large size-large\" alt=\"\" srcset=\"https:\/\/wineandartlodge.com\/wp-content\/uploads\/2022\/07\/WIR-mit-Hut-rotated.jpg 640w, https:\/\/wineandartlodge.com\/wp-content\/uploads\/2022\/07\/WIR-mit-Hut-300x225.jpg 300w, https:\/\/wineandartlodge.com\/wp-content\/uploads\/2022\/07\/WIR-mit-Hut-195x146.jpg 195w, https:\/\/wineandartlodge.com\/wp-content\/uploads\/2022\/07\/WIR-mit-Hut-50x38.jpg 50w, https:\/\/wineandartlodge.com\/wp-content\/uploads\/2022\/07\/WIR-mit-Hut-100x75.jpg 100w\" sizes=\"(max-width: 640px) 100vw, 640px\" \/>\t\t\t\t\t\t\t\t\t\t\t\t\t\t\t<\/div>\n\t\t\t\t<\/div>\n\t\t\t\t\t<\/div>\n\t\t<\/div>\n\t\t\t\t\t\t\t<\/div>\n\t\t<\/section>\n\t\t\t\t\t\t<\/div>\n\t\t\t\t\t<\/div>\n\t\t","protected":false},"excerpt":{"rendered":"<p>O nas Stefan je delal v \u0161tevilnih dr\u017eavah po svetu, ve\u010dinoma v razvojnih projektih. Tu v dolini je bil pionir, ko je obnovil dve stari vinogradni\u0161ki<span class=\"excerpt-hellip\"> [\u2026]<\/span><\/p>\n","protected":false},"author":1,"featured_media":0,"parent":0,"menu_order":0,"comment_status":"closed","ping_status":"closed","template":"","meta":{"footnotes":""},"aioseo_notices":[],"_links":{"self":[{"href":"https:\/\/wineandartlodge.com\/index.php?rest_route=\/wp\/v2\/pages\/1589"}],"collection":[{"href":"https:\/\/wineandartlodge.com\/index.php?rest_route=\/wp\/v2\/pages"}],"about":[{"href":"https:\/\/wineandartlodge.com\/index.php?rest_route=\/wp\/v2\/types\/page"}],"author":[{"embeddable":true,"href":"https:\/\/wineandartlodge.com\/index.php?rest_route=\/wp\/v2\/users\/1"}],"replies":[{"embeddable":true,"href":"https:\/\/wineandartlodge.com\/index.php?rest_route=%2Fwp%2Fv2%2Fcomments&post=1589"}],"version-history":[{"count":0,"href":"https:\/\/wineandartlodge.com\/index.php?rest_route=\/wp\/v2\/pages\/1589\/revisions"}],"wp:attachment":[{"href":"https:\/\/wineandartlodge.com\/index.php?rest_route=%2Fwp%2Fv2%2Fmedia&parent=1589"}],"curies":[{"name":"wp","href":"https:\/\/api.w.org\/{rel}","templated":true}]}}